{"id":48,"date":"2018-02-07T09:29:11","date_gmt":"2018-02-07T09:29:11","guid":{"rendered":"https:\/\/ucm.one\/?page_id=48"},"modified":"2022-11-27T21:25:49","modified_gmt":"2022-11-27T21:25:49","slug":"ueber-uns","status":"publish","type":"page","link":"https:\/\/ucp.one\/de\/firma\/ueber-uns\/","title":{"rendered":"\u00dcber uns"},"content":{"rendered":"<div class=\"wpb-content-wrapper\"><p>[vc_row css=&#8221;.vc_custom_1518684687486{margin-top: 35px !important;margin-bottom: 35px !important;}&#8221;][vc_column][vc_column_text]<\/p>\n<h2><strong><span style=\"font-family: 'arial black', sans-serif;\">UCP.ONE<\/span><\/strong> &#8211; Verlag f\u00fcr Musik und B\u00fccher mit Sitz in Berlin<\/h2>\n<p>[\/vc_column_text][\/vc_column][\/vc_row][vc_row css=&#8221;.vc_custom_1518684687486{margin-top: 35px !important;margin-bottom: 35px !important;}&#8221;][vc_column][vc_column_text]Der Grundstein des heutigen Verlags\u00a0<span style=\"font-family: 'arial black', sans-serif;\"><strong>UCP.ONE<\/strong><\/span> wurde im Jahr 1995 in der N\u00e4he von Heidelberg gelegt.\u00a0Der damalige Musikverlag hie\u00df zun\u00e4chst\u00a0<strong><span style=\"font-family: 'arial black', sans-serif;\">UCM<\/span>\u00a0Music Publishing\u00a0<\/strong>mit Sitz in Neckargem\u00fcnd und wurde schon zu Beginn von\u00a0<strong><span style=\"font-family: 'arial black', sans-serif;\">EMI<\/span>\u00a0Music Publishing<\/strong> (Hamburg)\u00a0weltweit administriert.\u00a0Im Jahr 2004 kaufte die Mannheimer Firma <strong><span style=\"font-family: arial, helvetica, sans-serif;\">daredo<\/span> publishing<\/strong>\u00a0den kompletten Katalog, wobei <strong><span style=\"font-family: 'arial black', sans-serif;\">EMI<\/span>\u00a0Music Publishing<\/strong> weiterhin der internationale Parter an der Seite blieb. Im Zuge der gro\u00dfen Ver\u00e4nderungen bei\u00a0<strong><span style=\"font-family: 'arial black', sans-serif;\">EMI<\/span>\u00a0Music Publishing<\/strong>, die auch sp\u00e4ter zur \u00dcbernahme durch\u00a0<strong><span style=\"font-family: 'arial black', sans-serif;\">Sony<\/span>\/ATV<\/strong>\u00a0f\u00fchrten, \u00fcbernahm ab Januar 2011\u00a0<strong><span style=\"font-family: 'arial black', sans-serif;\">BMG<\/span> Rights Management <\/strong>(Berlin) die weltweite Administration. Daneben wurde auch eine Kooperation mit <span style=\"font-family: 'arial black', sans-serif;\">Kiel<\/span> <strong>Publishing<\/strong> (Hamburg), der Firma des fr\u00fcheren\u00a0<em>Executive Vice President<\/em> und Gesch\u00e4ftsf\u00fchrers von<span style=\"font-family: arial, helvetica, sans-serif;\">\u00a0EMI Music Publishing Germany<\/span>, <strong>Andreas Kiel<\/strong>,\u00a0eingegangen. Im Januar 2018 wurde der Name der Firma in <span style=\"font-family: 'arial black', sans-serif;\"><strong>UCP.ONE<\/strong><\/span> ge\u00e4ndert, der Firmensitz von Mannheim nach Berlin verlegt und die weltweite Administration von Sommer 2019 bis Herbst 2022\u00a0<strong>Schubert Music Publishing<\/strong> (Hamburg) anvertraut. Die Abk\u00fcrzung <span style=\"font-family: 'arial black', sans-serif;\"><strong>UCP.ONE<\/strong><\/span> steht dabei f\u00fcr &#8220;<strong><span style=\"font-family: 'arial black', sans-serif;\">U<\/span><\/strong>nited <span style=\"font-family: 'arial black', sans-serif;\"><strong>C<\/strong><\/span>ontent <strong style=\"font-family: 'arial black', sans-serif;\">P<\/strong>ublishing<span style=\"font-family: 'arial black', sans-serif;\"><strong>.Eins<\/strong><\/span>&#8221; und ist zugleich die Webadresse der Firma.<\/p>\n<p>Dadurch wurde zugleich auch\u00a0das n\u00e4chste Kapitel in der Geschichte des Verlages vorbereitet. Durch die L\u00f6sung von Major-Strukturen bei gleichzeitig weiterhin weltweitem Aktionsradius kann die Arbeit nun wesentlich schneller und zeitgem\u00e4\u00df den Bed\u00fcrfnissen der Zeit angepasst werden. Umst\u00e4ndliche und langwierige Vertragsverhandlungen bei Synch-Vergaben aufgrund vieler Parteien, die involviert sind, geh\u00f6ren nun der Vergangenheit an.\u00a0<span style=\"font-family: 'arial black', sans-serif;\"><strong>UCP.ONE<\/strong><\/span> zeichnet sich durch kurze Wege, kompetente Gespr\u00e4chspartner und schnelle Entscheidungswege aus. Zudem ist der Firmensitz nun in der deutschen Hauptstadt, in der auch immer mehr die f\u00fcr Autor*innen, Komponist*innen und Texter*innen die &#8220;interessanten&#8221; Vereinbarungen eingef\u00e4delt werden k\u00f6nnen. Hinzu kommt im 25. Jahr des Bestehens die Ausweitung des Gesch\u00e4ftsmodells in Richtung Buchverlag. Berlin ist dabei der ideale Ort, um neue uunge, interessante und zuk\u00fcnftig erfolgreiche Autor*innen zu finden.[\/vc_column_text][\/vc_column][\/vc_row][vc_row css=&#8221;.vc_custom_1518684687486{margin-top: 35px !important;margin-bottom: 35px !important;}&#8221;][vc_column][vc_column_text]<\/p>\n<h5><em>Die einzelnen Gesch\u00e4ftsfelder:\u00a0<\/em><\/h5>\n<p>[\/vc_column_text][vc_column_text]<\/p>\n<ul>\n<li>Kreatives Marketing \/ A&amp;R (Platzierung von Songs in Film, Fernsehen, Werbung, Videospiele, digitale Distribution, Marketing f\u00fcr Komponist*innen, Texter*innen und Autor*innen)<\/li>\n<li>Songwriter-Entwicklung (Talententwicklung; Vermittlung von Co-Writers und anderen Werbeaktivit\u00e4ten)<\/li>\n<li>Copyright Administration (weltweite Registrierung von Songs und Texten, Tracking und Sammlung von Lizenzgeb\u00fchren, Zahlungen von Songwritern und dem Audit von Lizenznehmern)<\/li>\n<li>Beratung bez\u00fcglich m\u00f6glicher Vertriebswege und aktive Suche von geeigneten Vermarktungspartnern<\/li>\n<li>Lizenzierung (Aushandeln von Lizenzgeb\u00fchren und -bedingungen, Vertragsverhandlungen und Erstellung sowie Unterst\u00fctzung bei der Einhaltung eventueller anderer weiterer erforderlicher Freigaben)<\/li>\n<li>Vorsch\u00fcsse \/ Akquise (Bereitstellung von Vorsch\u00fcssen f\u00fcr Songwriter, Unterzeichnung von Songwritern zu Exklusivvereinbarungen und Erwerb von Songwriter-Backkatalogen f\u00fcr zuk\u00fcnftiges Vermarkten)<\/li>\n<li>Digitaler und physischer Vertrieb von Musik, B\u00fcchern, H\u00f6rb\u00fcchern und H\u00f6rspielen<\/li>\n<\/ul>\n<p>[\/vc_column_text][vc_empty_space height=&#8221;16px&#8221;][vc_row_inner][vc_column_inner width=&#8221;1\/4&#8243;]<div class=\"ult-just-icon-wrapper  \"><div class=\"align-icon\" style=\"text-align:center;\">\n<a class=\"aio-tooltip 69dec33216b32\" href=\"\/de\/musikverlag\/\" title=\"Musikverlag\"  data-toggle=\"tooltip\" data-placement=\"\"><div class=\"aio-icon square \" data-animation=\"fadeIn\" data-animation-delay=\"03\" style=\"color:#9d0d15;background:#bfbfbf;font-size:100px;display:inline-block;\">\n\t<i class=\"fas fa-music\"><\/i>\n<\/div><\/a><\/div><\/div>[vc_column_text]<\/p>\n<p style=\"text-align: center;\">Musikverlag<\/p>\n<p>[\/vc_column_text][\/vc_column_inner][vc_column_inner width=&#8221;1\/4&#8243;]<div class=\"ult-just-icon-wrapper  \"><div class=\"align-icon\" style=\"text-align:center;\">\n<a class=\"aio-tooltip 69dec33216b61\" href=\"\/de\/produktionsmusik\/\" title=\"Produktionsmusik\"  data-toggle=\"tooltip\" data-placement=\"\"><div class=\"aio-icon square \" data-animation=\"fadeIn\" data-animation-delay=\"03\" style=\"color:#9d0d15;background:#bfbfbf;font-size:100px;display:inline-block;\">\n\t<i class=\"far fa-play-circle\"><\/i>\n<\/div><\/a><\/div><\/div>[vc_column_text]<\/p>\n<p style=\"text-align: center;\">Produktionsmusik<\/p>\n<p>[\/vc_column_text][\/vc_column_inner][vc_column_inner width=&#8221;1\/4&#8243;]<div class=\"ult-just-icon-wrapper  \"><div class=\"align-icon\" style=\"text-align:center;\">\n<a class=\"aio-tooltip 69dec33216b80\" href=\"https:\/\/ucp-one.de\/de\/synch-rechte\/\" title=\"Synch-Rechte\"  data-toggle=\"tooltip\" data-placement=\"\"><div class=\"aio-icon square \" data-animation=\"fadeIn\" data-animation-delay=\"03\" style=\"color:#9d0d15;background:#bfbfbf;font-size:100px;display:inline-block;\">\n\t<i class=\"fas fa-film\"><\/i>\n<\/div><\/a><\/div><\/div>[vc_column_text]<\/p>\n<p style=\"text-align: center;\">Synch-Rechte<\/p>\n<p>[\/vc_column_text][\/vc_column_inner][vc_column_inner width=&#8221;1\/4&#8243;]<div class=\"ult-just-icon-wrapper  \"><div class=\"align-icon\" style=\"text-align:center;\">\n<a class=\"aio-tooltip 69dec33216b9b\" href=\"\/de\/buchverlag\/\" title=\"Buchverlag\"  data-toggle=\"tooltip\" data-placement=\"\"><div class=\"aio-icon square \" data-animation=\"fadeIn\" data-animation-delay=\"03\" style=\"color:#9d0d15;background:#bfbfbf;font-size:100px;display:inline-block;\">\n\t<i class=\"fas fa-book-open\"><\/i>\n<\/div><\/a><\/div><\/div>[vc_column_text]<\/p>\n<p style=\"text-align: center;\">Buchverlag<\/p>\n<p>[\/vc_column_text][\/vc_column_inner][\/vc_row_inner][\/vc_column][\/vc_row][vc_row css=&#8221;.vc_custom_1518684687486{margin-top: 35px !important;margin-bottom: 35px !important;}&#8221;][vc_column][vc_column_text]<span style=\"font-family: 'arial black', sans-serif;\"><strong>UCP.ONE<\/strong><\/span> repr\u00e4sentiert heute ein internationales Repertoire mit mehr als 6.000 Titel von Autoren, S\u00e4ngern und Songwritern. Die Dienstleistungen von <span style=\"font-family: 'arial black', sans-serif;\"><strong>UCP.ONE<\/strong><\/span> und seinen Partnern f\u00fcr Komponisten, Textern und Autoren sind vielf\u00e4ltig und umfassen unter anderem:<\/p>\n<ul>\n<li>Kreatives Marketing \/ A&amp;R (Platzierung von Songs in Film, Fernsehen, Werbung, Videospiele, digitale Distribution, Marketing f\u00fcr Texter, Autoren und Komponisten)<\/li>\n<li>Songwriter-Entwicklung (Talententwicklung; Vermittlung von Co-Writers und anderen Werbeaktivit\u00e4ten)<\/li>\n<li>Copyright Administration (weltweite Registrierung von Songs und Texten, Tracking und Sammlung von Lizenzgeb\u00fchren, Zahlungen von Songwritern und dem Audit von Lizenznehmern)<\/li>\n<li>Beratung bez\u00fcglich m\u00f6glicher Vertriebswege und aktive Suche von geeigneten Vermarktungspartnern<\/li>\n<li>Lizenzierung (Aushandeln von Lizenzgeb\u00fchren und -bedingungen, Ausf\u00fchrung von Papierkram und Unterst\u00fctzung bei der Erlangung anderer erforderlicher Freigaben)<\/li>\n<li>Vorsch\u00fcsse \/ Akquise (Bereitstellung von Vorsch\u00fcssen f\u00fcr Songwriter, Unterzeichnung von Songwritern zu Exklusivvereinbarungen und Erwerb von Songwriter-Backkatalogen f\u00fcr zuk\u00fcnftiges Vermarkten)<\/li>\n<li>Digitaler und physischer Vertrieb von Musik, B\u00fcchern, H\u00f6rb\u00fcchern und H\u00f6rspielen<\/li>\n<\/ul>\n<p>[\/vc_column_text][vc_column_text]Feste Zielsetzung in den n\u00e4chsten Jahren ist auch die weitere Verzahnung <em>(&#8220;intermediale Vermarktung&#8221;<\/em>) mit den Firmen <span style=\"font-family: 'arial black', sans-serif;\"><strong>UCM.ONE<\/strong><\/span> (Musikvermarktung und Filmverleih) und <span style=\"font-family: 'arial black', sans-serif;\"><strong>UCMP<\/strong><\/span> (Filmproduktion und Musikberatung f\u00fcr Filmschaffende). Denn jeder Film braucht passende Musik und vor allem gute Geschichten&#8230;.[\/vc_column_text][vc_separator color=&#8221;custom&#8221; accent_color=&#8221;#d1d1d1&#8243;][vc_empty_space height=&#8221;16px&#8221;][\/vc_column][\/vc_row][vc_row css=&#8221;.vc_custom_1578319435811{margin-top: px !important;padding-top: 30px !important;}&#8221;][vc_column width=&#8221;1\/4&#8243;][vc_btn title=&#8221;Musikverlag&#8221; style=&#8221;flat&#8221; size=&#8221;lg&#8221; align=&#8221;center&#8221; i_icon_fontawesome=&#8221;fas fa-music&#8221; button_block=&#8221;true&#8221; add_icon=&#8221;true&#8221; link=&#8221;url:%2Fde%2Fmusikverlag%2F|title:Musikverlag||&#8221;][\/vc_column][vc_column width=&#8221;1\/4&#8243;][vc_btn title=&#8221;Buchverlag&#8221; style=&#8221;flat&#8221; size=&#8221;lg&#8221; align=&#8221;center&#8221; i_icon_fontawesome=&#8221;fas fa-book-open&#8221; button_block=&#8221;true&#8221; add_icon=&#8221;true&#8221; link=&#8221;url:%2Fde%2Fbuchverlag%2F|title:Buchverlag||&#8221;][\/vc_column][vc_column width=&#8221;1\/4&#8243;][vc_btn title=&#8221;UCM.ONE&#8221; style=&#8221;flat&#8221; color=&#8221;chino&#8221; size=&#8221;lg&#8221; align=&#8221;center&#8221; i_icon_fontawesome=&#8221;fas fa-external-link-alt&#8221; button_block=&#8221;true&#8221; add_icon=&#8221;true&#8221; link=&#8221;url:http%3A%2F%2Fwww.ucm.one%2Fde%2F|title:UCM.ONE|target:%20_blank|&#8221;][\/vc_column][vc_column width=&#8221;1\/4&#8243;][vc_btn title=&#8221;UCMP&#8221; style=&#8221;flat&#8221; color=&#8221;chino&#8221; size=&#8221;lg&#8221; align=&#8221;center&#8221; i_icon_fontawesome=&#8221;fas fa-external-link-alt&#8221; button_block=&#8221;true&#8221; add_icon=&#8221;true&#8221; link=&#8221;url:http%3A%2F%2Fwww.ucmp.de|title:UCMP|target:%20_blank|&#8221;][\/vc_column][\/vc_row][vc_row content_placement=&#8221;middle&#8221; bg_type=&#8221;grad&#8221; ult_hide_row=&#8221;ult_hide_row_value&#8221; ult_hide_row_large_screen=&#8221;large_screen&#8221; ult_hide_row_desktop=&#8221;desktop&#8221; css=&#8221;.vc_custom_1578319243391{margin-top: 0px !important;padding-top: 50px !important;}&#8221; bg_grad=&#8221;background: -webkit-gradient(linear, left top, left bottom, color-stop(0%, #E3E3E3), color-stop(0%, #FFFFFF), color-stop(6%, #FFFFFF), color-stop(7%, #FFFFFF), color-stop(50%, #FFFFFF));background: -moz-linear-gradient(top,#E3E3E3 0%,#FFFFFF 0%,#FFFFFF 6%,#FFFFFF 7%,#FFFFFF 50%);background: -webkit-linear-gradient(top,#E3E3E3 0%,#FFFFFF 0%,#FFFFFF 6%,#FFFFFF 7%,#FFFFFF 50%);background: -o-linear-gradient(top,#E3E3E3 0%,#FFFFFF 0%,#FFFFFF 6%,#FFFFFF 7%,#FFFFFF 50%);background: -ms-linear-gradient(top,#E3E3E3 0%,#FFFFFF 0%,#FFFFFF 6%,#FFFFFF 7%,#FFFFFF 50%);background: linear-gradient(top,#E3E3E3 0%,#FFFFFF 0%,#FFFFFF 6%,#FFFFFF 7%,#FFFFFF 50%);&#8221;][vc_column][vc_btn title=&#8221;Kontakt&#8221; style=&#8221;flat&#8221; color=&#8221;inverse&#8221; size=&#8221;lg&#8221; align=&#8221;center&#8221; i_icon_fontawesome=&#8221;&#8221; button_block=&#8221;true&#8221; add_icon=&#8221;true&#8221; link=&#8221;url:%2Fde%2Ffirma%2Fkontakt%2F|title:Kontakt||&#8221;][\/vc_column][\/vc_row]<\/p>\n<\/div>","protected":false},"excerpt":{"rendered":"<p>[vc_row css=&#8221;.vc_custom_1518684687486{margin-top: 35px !important;margin-bottom: 35px !important;}&#8221;][vc_column][vc_column_text] UCP.ONE &#8211; Verlag f\u00fcr Musik und B\u00fccher mit Sitz in Berlin [\/vc_column_text][\/vc_column][\/vc_row][vc_row css=&#8221;.vc_custom_1518684687486{margin-top: 35px !important;margin-bottom: 35px !important;}&#8221;][vc_column][vc_column_text]Der Grundstein des heutigen Verlags\u00a0UCP.ONE wurde im Jahr 1995 in der N\u00e4he von Heidelberg gelegt.\u00a0Der damalige Musikverlag hie\u00df zun\u00e4chst\u00a0UCM\u00a0Music Publishing\u00a0mit Sitz in Neckargem\u00fcnd und wurde schon zu Beginn von\u00a0EMI\u00a0Music Publishing (Hamburg)\u00a0weltweit administriert.\u00a0Im Jahr&hellip;<\/p>\n","protected":false},"author":1,"featured_media":14079,"parent":44,"menu_order":1,"comment_status":"closed","ping_status":"closed","template":"","meta":{"footnotes":""},"class_list":["post-48","page","type-page","status-publish","has-post-thumbnail","hentry","description-off"],"_links":{"self":[{"href":"https:\/\/ucp.one\/de\/wp-json\/wp\/v2\/pages\/48","targetHints":{"allow":["GET"]}}],"collection":[{"href":"https:\/\/ucp.one\/de\/wp-json\/wp\/v2\/pages"}],"about":[{"href":"https:\/\/ucp.one\/de\/wp-json\/wp\/v2\/types\/page"}],"author":[{"embeddable":true,"href":"https:\/\/ucp.one\/de\/wp-json\/wp\/v2\/users\/1"}],"replies":[{"embeddable":true,"href":"https:\/\/ucp.one\/de\/wp-json\/wp\/v2\/comments?post=48"}],"version-history":[{"count":6,"href":"https:\/\/ucp.one\/de\/wp-json\/wp\/v2\/pages\/48\/revisions"}],"predecessor-version":[{"id":21365,"href":"https:\/\/ucp.one\/de\/wp-json\/wp\/v2\/pages\/48\/revisions\/21365"}],"up":[{"embeddable":true,"href":"https:\/\/ucp.one\/de\/wp-json\/wp\/v2\/pages\/44"}],"wp:featuredmedia":[{"embeddable":true,"href":"https:\/\/ucp.one\/de\/wp-json\/wp\/v2\/media\/14079"}],"wp:attachment":[{"href":"https:\/\/ucp.one\/de\/wp-json\/wp\/v2\/media?parent=48"}],"curies":[{"name":"wp","href":"https:\/\/api.w.org\/{rel}","templated":true}]}}