{"id":19631,"date":"2020-01-04T22:04:44","date_gmt":"2020-01-04T22:04:44","guid":{"rendered":"https:\/\/ucp-one.de\/?page_id=19631"},"modified":"2020-01-25T11:31:45","modified_gmt":"2020-01-25T11:31:45","slug":"buchverlag","status":"publish","type":"page","link":"https:\/\/ucp.one\/de\/buchverlag\/","title":{"rendered":"Buchverlag"},"content":{"rendered":"<div class=\"wpb-content-wrapper\"><p>[vc_row][vc_column][vc_column_text]<\/p>\n<h1>Buchverlag<\/h1>\n<p>[\/vc_column_text][\/vc_column][\/vc_row][vc_row][vc_column width=&#8221;3\/4&#8243;][vc_column_text]Im Jahr 2020 erweitert <span style=\"font-family: 'arial black', sans-serif;\"><strong>UCP.ONE<\/strong><\/span>\u00a0seine Aktivit\u00e4ten und startet neben dem Musikverlag, der schon seit 1995 agiert, einen eigenst\u00e4ndigen Buchverlag. Als erste Ver\u00f6ffentlichungen steht das Buch &#8220;<strong>Berlinized &#8211; Die Geschichte spazierte durch unser Paradies<\/strong>&#8221; von <strong>Lucian Busse<\/strong> und<strong> Sofie Hein <\/strong>in Zusammenarbeit mit dem Filmlabel<strong> Darling Berlin<\/strong> auf dem Programm. Auf <strong>Darling Berlin<\/strong>\u00a0(Verleih: <span style=\"font-family: 'arial black', sans-serif;\"><strong>UCM.ONE<\/strong><\/span>) erschien schon im Jahr 2015 der Dokumentarfilm &#8220;<a title=\"Berlinized\" href=\"https:\/\/ucm.one\/de\/kinoverleih\/katalogfilme\/#berlinized\" target=\"_blank\" rel=\"noopener noreferrer\"><strong>Berlinized<\/strong><\/a>&#8221; von Lucian Busse.[\/vc_column_text][vc_row_inner][vc_column_inner width=&#8221;1\/4&#8243;][vc_single_image image=&#8221;19679&#8243; img_size=&#8221;full&#8221;][\/vc_column_inner][vc_column_inner width=&#8221;1\/4&#8243;][vc_single_image image=&#8221;19677&#8243; img_size=&#8221;full&#8221;][\/vc_column_inner][vc_column_inner width=&#8221;1\/4&#8243;][vc_single_image image=&#8221;19675&#8243; img_size=&#8221;full&#8221;][\/vc_column_inner][vc_column_inner width=&#8221;1\/4&#8243;][vc_single_image image=&#8221;19681&#8243; img_size=&#8221;full&#8221;][\/vc_column_inner][\/vc_row_inner][vc_column_text]Das Buch berichtet von der Zeit, in der Berlinized-Regisseur Lucian Busse und Sofie Hein (Lucyhoneychurch, Soundtrack Berlinized) in den 90ern mit ihrer Live-Cinema-Concert-Show Alien TV durch die Berliner Clubs tourten. F\u00fcr die Shows verarbeiteten sie Dokumentarisches aus ihrem Leben zu k\u00fcnstlerisch-experimentellen Videomixen weiter \u2013 in einer Zeit, als es mit erheblichem Aufwand verbunden war, bewegte Bilder aufzunehmen und zu teilen.[\/vc_column_text][\/vc_column][vc_column width=&#8221;1\/4&#8243; css=&#8221;.vc_custom_1578259925367{margin-top: 8px !important;}&#8221;][vc_single_image image=&#8221;19690&#8243; img_size=&#8221;full&#8221;][\/vc_column][\/vc_row][vc_row css=&#8221;.vc_custom_1561251813970{margin-top: 20px !important;}&#8221;][vc_column][vc_column_text]Parallel sind wir aktiv auf der Suche nach weiteren spannenden Themen, Romanen und Geschichten, wobei wir uns aktuell vor allem auf Handlungen und Themen in und um Berlin konzentrieren.[\/vc_column_text][vc_separator color=&#8221;custom&#8221;][\/vc_column][\/vc_row][vc_row css=&#8221;.vc_custom_1561251813970{margin-top: 20px !important;}&#8221;][vc_column][vc_column_text]<\/p>\n<h3><span style=\"font-size: 18pt;\">H\u00f6rb\u00fccher &amp; H\u00f6rspiele<\/span><\/h3>\n<p>[\/vc_column_text][vc_column_text]Neben B\u00fcchern ver\u00f6ffentlicht <span style=\"font-family: 'arial black', sans-serif;\"><strong>UCP.ONE<\/strong><\/span> auch ab 2020 regelm\u00e4\u00dfig H\u00f6rb\u00fccher und H\u00f6rspiele.\u00a0H\u00f6rb\u00fccher (englisch: audiobooks) sind Tonaufzeichnungen von Lesungen. Die Textfassungen, die gelesen werden, sind oft gegen\u00fcber der Buchfassung gek\u00fcrzt oder extra f\u00fcr dieses Format umgeschrieben worden. H\u00f6rb\u00fccher unterscheiden sich deutlich von H\u00f6rspielen, welche eine akustische, dramatisierte Inszenierungen von Geschichten mit verteilten Sprecherrollen, Ger\u00e4uschen und Musik sind. Ein H\u00f6rspiel unterscheidet sich naturgem\u00e4\u00df wiederum vom Film, weil es keine visuellen Elemente eigen enth\u00e4lt.[\/vc_column_text][\/vc_column][\/vc_row][vc_row css=&#8221;.vc_custom_1561251357170{margin-top: 20px !important;}&#8221;][vc_column][vc_column_text]<\/p>\n<h5><i>Beispiele von H\u00f6rb\u00fcchern und H\u00f6rspielen, die sich im Katalog der UCP.ONE befinden:<\/i><\/h5>\n<p>[\/vc_column_text][vc_media_grid element_width=&#8221;2&#8243; gap=&#8221;15&#8243; grid_id=&#8221;vc_gid:1579951587241-243e09df-3daa-7&#8243; include=&#8221;19703,19693,19695,19697,19699,19701&#8243; css=&#8221;.vc_custom_1578261098099{margin-top: -10px !important;}&#8221;][\/vc_column][\/vc_row][vc_row css=&#8221;.vc_custom_1561251813970{margin-top: 20px !important;}&#8221;][vc_column][vc_column_text]Auch im Bereich H\u00f6rb\u00fccher und H\u00f6rspiele sind wir auf der Suche nach spannenden weiteren Projekten und Geschichten. Gerne organisieren wir auch die Aufnahmen inkl. den Studios, der passenden Musik und den Sprecher*innen.[\/vc_column_text][vc_separator color=&#8221;custom&#8221; accent_color=&#8221;#bfbfbf&#8221;][\/vc_column][\/vc_row][vc_row css=&#8221;.vc_custom_1518458873891{margin-top: 65px !important;}&#8221;][vc_column width=&#8221;1\/4&#8243;][vc_btn title=&#8221;\u00dcbersicht&#8221; style=&#8221;flat&#8221; size=&#8221;lg&#8221; align=&#8221;center&#8221; i_icon_fontawesome=&#8221;fas fa-home&#8221; button_block=&#8221;true&#8221; add_icon=&#8221;true&#8221; link=&#8221;url:%2Fde%2F|title:%C3%9Cbersicht||&#8221;][\/vc_column][vc_column width=&#8221;1\/4&#8243;][vc_btn title=&#8221;Musikverlag&#8221; style=&#8221;flat&#8221; size=&#8221;lg&#8221; align=&#8221;center&#8221; i_icon_fontawesome=&#8221;fas fa-music&#8221; button_block=&#8221;true&#8221; add_icon=&#8221;true&#8221; link=&#8221;url:%2Fde%2Fmusikverlag|title:Musikverlag||&#8221;][\/vc_column][vc_column width=&#8221;1\/4&#8243;][vc_btn title=&#8221;Synch-Rechte&#8221; style=&#8221;flat&#8221; size=&#8221;lg&#8221; align=&#8221;center&#8221; i_icon_fontawesome=&#8221;fas fa-film&#8221; button_block=&#8221;true&#8221; add_icon=&#8221;true&#8221; link=&#8221;url:%2Fde%2Fsynch-rechte|title:Synch-Rechte||&#8221;][\/vc_column][vc_column width=&#8221;1\/4&#8243;][vc_btn title=&#8221;Darling Berlin&#8221; style=&#8221;flat&#8221; color=&#8221;chino&#8221; size=&#8221;lg&#8221; align=&#8221;center&#8221; i_icon_fontawesome=&#8221;fas fa-external-link-alt&#8221; button_block=&#8221;true&#8221; add_icon=&#8221;true&#8221; link=&#8221;url:https%3A%2F%2Fucm.one%2Fde%2Ffilm-labels%2Fdarling-berlin%2F|title:Darling%20Berlin|target:%20_blank|&#8221;][\/vc_column][\/vc_row][vc_row content_placement=&#8221;middle&#8221; bg_type=&#8221;grad&#8221; ult_hide_row=&#8221;ult_hide_row_value&#8221; ult_hide_row_large_screen=&#8221;large_screen&#8221; ult_hide_row_desktop=&#8221;desktop&#8221; css=&#8221;.vc_custom_1518701755537{margin-top: 0px !important;padding-top: -50px !important;}&#8221; bg_grad=&#8221;background: -webkit-gradient(linear, left top, left bottom, color-stop(0%, #E3E3E3), color-stop(0%, #FFFFFF), color-stop(6%, #FFFFFF), color-stop(7%, #FFFFFF), color-stop(50%, #FFFFFF));background: -moz-linear-gradient(top,#E3E3E3 0%,#FFFFFF 0%,#FFFFFF 6%,#FFFFFF 7%,#FFFFFF 50%);background: -webkit-linear-gradient(top,#E3E3E3 0%,#FFFFFF 0%,#FFFFFF 6%,#FFFFFF 7%,#FFFFFF 50%);background: -o-linear-gradient(top,#E3E3E3 0%,#FFFFFF 0%,#FFFFFF 6%,#FFFFFF 7%,#FFFFFF 50%);background: -ms-linear-gradient(top,#E3E3E3 0%,#FFFFFF 0%,#FFFFFF 6%,#FFFFFF 7%,#FFFFFF 50%);background: linear-gradient(top,#E3E3E3 0%,#FFFFFF 0%,#FFFFFF 6%,#FFFFFF 7%,#FFFFFF 50%);&#8221;][vc_column][vc_btn title=&#8221;Kontakt&#8221; style=&#8221;flat&#8221; color=&#8221;inverse&#8221; size=&#8221;lg&#8221; align=&#8221;center&#8221; i_icon_fontawesome=&#8221;far fa-envelope&#8221; button_block=&#8221;true&#8221; add_icon=&#8221;true&#8221; link=&#8221;url:%2Fde%2Ffirma%2Fkontakt%2F|title:Kontakt||&#8221; css=&#8221;.vc_custom_1578315051405{margin-top: 30px !important;}&#8221;][\/vc_column][\/vc_row]<\/p>\n<\/div>","protected":false},"excerpt":{"rendered":"<p>[vc_row][vc_column][vc_column_text] Buchverlag [\/vc_column_text][\/vc_column][\/vc_row][vc_row][vc_column width=&#8221;3\/4&#8243;][vc_column_text]Im Jahr 2020 erweitert UCP.ONE\u00a0seine Aktivit\u00e4ten und startet neben dem Musikverlag, der schon seit 1995 agiert, einen eigenst\u00e4ndigen Buchverlag. Als erste Ver\u00f6ffentlichungen steht das Buch &#8220;Berlinized &#8211; Die Geschichte spazierte durch unser Paradies&#8221; von Lucian Busse und Sofie Hein in Zusammenarbeit mit dem Filmlabel Darling Berlin auf dem Programm. Auf Darling Berlin\u00a0(Verleih:&hellip;<\/p>\n","protected":false},"author":2,"featured_media":14079,"parent":0,"menu_order":1,"comment_status":"closed","ping_status":"closed","template":"","meta":{"footnotes":""},"class_list":["post-19631","page","type-page","status-publish","has-post-thumbnail","hentry","description-off"],"_links":{"self":[{"href":"https:\/\/ucp.one\/de\/wp-json\/wp\/v2\/pages\/19631","targetHints":{"allow":["GET"]}}],"collection":[{"href":"https:\/\/ucp.one\/de\/wp-json\/wp\/v2\/pages"}],"about":[{"href":"https:\/\/ucp.one\/de\/wp-json\/wp\/v2\/types\/page"}],"author":[{"embeddable":true,"href":"https:\/\/ucp.one\/de\/wp-json\/wp\/v2\/users\/2"}],"replies":[{"embeddable":true,"href":"https:\/\/ucp.one\/de\/wp-json\/wp\/v2\/comments?post=19631"}],"version-history":[{"count":5,"href":"https:\/\/ucp.one\/de\/wp-json\/wp\/v2\/pages\/19631\/revisions"}],"predecessor-version":[{"id":20185,"href":"https:\/\/ucp.one\/de\/wp-json\/wp\/v2\/pages\/19631\/revisions\/20185"}],"wp:featuredmedia":[{"embeddable":true,"href":"https:\/\/ucp.one\/de\/wp-json\/wp\/v2\/media\/14079"}],"wp:attachment":[{"href":"https:\/\/ucp.one\/de\/wp-json\/wp\/v2\/media?parent=19631"}],"curies":[{"name":"wp","href":"https:\/\/api.w.org\/{rel}","templated":true}]}}