{"id":19600,"date":"2020-01-04T21:21:01","date_gmt":"2020-01-04T21:21:01","guid":{"rendered":"https:\/\/ucp-one.de\/?page_id=19600"},"modified":"2021-04-09T15:21:32","modified_gmt":"2021-04-09T15:21:32","slug":"produktionsmusik","status":"publish","type":"page","link":"https:\/\/ucp.one\/de\/produktionsmusik\/","title":{"rendered":"Produktionsmusik"},"content":{"rendered":"<div class=\"wpb-content-wrapper\"><p>[vc_row][vc_column][vc_column_text]<\/p>\n<h1>Produktionsmusik<\/h1>\n<p>[\/vc_column_text][vc_column_text]Die richtige Auswahl des Musiktitels f\u00fcr eine Werbung oder einen Film kann entscheidend sein, da die gew\u00fcnschte Stimmung neben Bildern und Texten auch stark durch die zu h\u00f6rende Musik erzeugt wird. <span style=\"font-family: 'arial black', sans-serif;\"><strong>UCP.ONE<\/strong><\/span> hat speziell f\u00fcr diesen Zweck einen <b>Produktionsmusik-Katalog<\/b> aufgebaut, der st\u00e4ndig \u00a0erweitert wird.\u00a0Als <b>Produktionsmusik<\/b> (englisch auch &#8220;<strong>Production Music<\/strong>&#8220;, &#8220;<strong>Library Music<\/strong>&#8221;\u00a0oder &#8220;<strong>Stock Music<\/strong>&#8221; genannt) werden dabei Musiktitel bezeichnet, die speziell zur Nutzung in TV, Film, H\u00f6rfunk, Werbung, Filmtrailern, Videospielen, Imagefilmen, YouTube usw.. geschrieben und produziert wurden.[\/vc_column_text][vc_column_text]Folgende Leistungen bietet <span style=\"font-family: 'arial black', sans-serif;\"><strong>UCP.ONE<\/strong><\/span>\u00a0an:<\/p>\n<ul>\n<li>Suche nach passenden Stimmungen, Texten und Kompositionen im Katalog<\/li>\n<li>Aktive Beratung bei der Suche nach passender Musik f\u00fcr eine Werbung<\/li>\n<li>Aktive Beratung bei der Suche nach passender Musik f\u00fcr einen Imagefilm<\/li>\n<li>Aktive Beratung bei der Suche nach passender Musik f\u00fcr einen Film<\/li>\n<li>Aktive Beratung bei der Suche nach passender Musik f\u00fcr ein Videospiel<\/li>\n<li>Rechtekl\u00e4rung (Synch-Rechte) sowohl der Bandrechte als auch der Verlagsrechte aus einer Hand<\/li>\n<\/ul>\n<p>[\/vc_column_text][vc_column_text]Bis auf eventuelle zus\u00e4tzliche Verg\u00fctungen an Verwertungsgesellschaften (z.B. bei der Herstellung und dem Vertrieb einer DVD oder eines Soundtracks auf CD) sind alle n\u00f6tigen Rechte f\u00fcr eine umfangreiche Werk-Nutzung bei <span style=\"font-family: 'arial black', sans-serif;\"><strong>UCP.ONE<\/strong><\/span> zu erhalten. Auch die Soundtrackrechte k\u00f6nnen bei Bedarf gegen eine Lizenz pro verkaufte Einheit oder im Rahmen einer Faltfee-Vereinbarung mit \u00fcbertragen werden.[\/vc_column_text][\/vc_column][\/vc_row][vc_row css=&#8221;.vc_custom_1561251357170{margin-top: 20px !important;}&#8221;][vc_column][vc_column_text]<\/p>\n<h5><i>Beispiele von\u00a0Genre-Themen, die sich im Katalog der UCP.ONE befinden:<\/i><\/h5>\n<p>[\/vc_column_text][vc_media_grid element_width=&#8221;2&#8243; gap=&#8221;15&#8243; grid_id=&#8221;vc_gid:1617360757811-e6310b15-32ba-6&#8243; include=&#8221;19606,19652,19608,19616,19612,19649&#8243; css=&#8221;.vc_custom_1578222111944{margin-top: -10px !important;}&#8221;][\/vc_column][\/vc_row][vc_row css=&#8221;.vc_custom_1561251813970{margin-top: 20px !important;}&#8221;][vc_column][vc_column_text]<strong><span style=\"font-family: 'arial black', sans-serif;\">UCP.ONE<\/span>\u00a0<\/strong>arbeitet in diesem Zusammenhang eng mit der Firma <span style=\"font-family: 'arial black', sans-serif;\"><strong>UCM.ONE<\/strong><\/span> zusammen, die weltweit mit vielen Musikproduzent*innen zusammenarbeitet und selbst diverse Musiklabels wie <strong>Harthouse<\/strong>, <strong>Plastic City<\/strong>, <strong>Mole Listening Pearls<\/strong> oder <strong>Noble Demon<\/strong> betreibt. Ein weiterer engerer Partner ist die Film- und Musikproduktionsfirma\u00a0<span style=\"font-family: 'arial black', sans-serif;\"><strong>UCMP<\/strong><\/span>, die\u00a0speziell f\u00fcr entstehende Filme und Serien in enger Abstimmung mit den Film-Produzent*innen und der Regie die passende Musik sowie die gew\u00fcnschten Effekte produzieren kann.[\/vc_column_text][vc_separator color=&#8221;custom&#8221; accent_color=&#8221;#bcbcbc&#8221;][\/vc_column][\/vc_row][vc_row css=&#8221;.vc_custom_1518458873891{margin-top: 65px !important;}&#8221;][vc_column width=&#8221;1\/4&#8243;][vc_btn title=&#8221;\u00dcbersicht&#8221; style=&#8221;flat&#8221; size=&#8221;lg&#8221; align=&#8221;center&#8221; i_icon_fontawesome=&#8221;fas fa-home&#8221; button_block=&#8221;true&#8221; add_icon=&#8221;true&#8221; link=&#8221;url:%2Fde%2F|title:%C3%9Cbersicht||&#8221;][\/vc_column][vc_column width=&#8221;1\/4&#8243;][vc_btn title=&#8221;Synch-Rechte&#8221; style=&#8221;flat&#8221; size=&#8221;lg&#8221; align=&#8221;center&#8221; i_icon_fontawesome=&#8221;fas fa-film&#8221; button_block=&#8221;true&#8221; add_icon=&#8221;true&#8221; link=&#8221;url:%2Fde%2Fsynch-rechte|title:Synch-Rechte||&#8221;][\/vc_column][vc_column width=&#8221;1\/4&#8243;][vc_btn title=&#8221;UCM.ONE&#8221; style=&#8221;flat&#8221; color=&#8221;chino&#8221; size=&#8221;lg&#8221; align=&#8221;center&#8221; i_icon_fontawesome=&#8221;fas fa-external-link-alt&#8221; button_block=&#8221;true&#8221; add_icon=&#8221;true&#8221; link=&#8221;url:http%3A%2F%2Fwww.ucm.one|title:UCM.ONE|target:%20_blank|&#8221;][\/vc_column][vc_column width=&#8221;1\/4&#8243;][vc_btn title=&#8221;UCMP&#8221; style=&#8221;flat&#8221; color=&#8221;chino&#8221; size=&#8221;lg&#8221; align=&#8221;center&#8221; i_icon_fontawesome=&#8221;fas fa-external-link-alt&#8221; button_block=&#8221;true&#8221; add_icon=&#8221;true&#8221; link=&#8221;url:http%3A%2F%2Fwww.ucmp.de|title:UCMP|target:%20_blank|&#8221;][\/vc_column][\/vc_row][vc_row content_placement=&#8221;middle&#8221; bg_type=&#8221;bg_color&#8221; ult_hide_row=&#8221;ult_hide_row_value&#8221; ult_hide_row_large_screen=&#8221;large_screen&#8221; ult_hide_row_desktop=&#8221;desktop&#8221; css=&#8221;.vc_custom_1617360814817{margin-top: 0px !important;padding-top: -50px !important;}&#8221;][vc_column][vc_btn title=&#8221;Kontakt&#8221; style=&#8221;flat&#8221; color=&#8221;inverse&#8221; size=&#8221;lg&#8221; align=&#8221;center&#8221; i_icon_fontawesome=&#8221;far fa-envelope&#8221; button_block=&#8221;true&#8221; add_icon=&#8221;true&#8221; link=&#8221;url:%2Fde%2Ffirma%2Fkontakt%2F|title:Kontakt||&#8221; css=&#8221;.vc_custom_1578315118059{margin-top: 30px !important;}&#8221;][\/vc_column][\/vc_row]<\/p>\n<\/div>","protected":false},"excerpt":{"rendered":"<p>[vc_row][vc_column][vc_column_text] Produktionsmusik [\/vc_column_text][vc_column_text]Die richtige Auswahl des Musiktitels f\u00fcr eine Werbung oder einen Film kann entscheidend sein, da die gew\u00fcnschte Stimmung neben Bildern und Texten auch stark durch die zu h\u00f6rende Musik erzeugt wird. UCP.ONE hat speziell f\u00fcr diesen Zweck einen Produktionsmusik-Katalog aufgebaut, der st\u00e4ndig \u00a0erweitert wird.\u00a0Als Produktionsmusik (englisch auch &#8220;Production Music&#8220;, &#8220;Library Music&#8221;\u00a0oder &#8220;Stock Music&#8221;&hellip;<\/p>\n","protected":false},"author":2,"featured_media":14079,"parent":0,"menu_order":1,"comment_status":"closed","ping_status":"closed","template":"","meta":{"footnotes":""},"class_list":["post-19600","page","type-page","status-publish","has-post-thumbnail","hentry","description-off"],"_links":{"self":[{"href":"https:\/\/ucp.one\/de\/wp-json\/wp\/v2\/pages\/19600","targetHints":{"allow":["GET"]}}],"collection":[{"href":"https:\/\/ucp.one\/de\/wp-json\/wp\/v2\/pages"}],"about":[{"href":"https:\/\/ucp.one\/de\/wp-json\/wp\/v2\/types\/page"}],"author":[{"embeddable":true,"href":"https:\/\/ucp.one\/de\/wp-json\/wp\/v2\/users\/2"}],"replies":[{"embeddable":true,"href":"https:\/\/ucp.one\/de\/wp-json\/wp\/v2\/comments?post=19600"}],"version-history":[{"count":8,"href":"https:\/\/ucp.one\/de\/wp-json\/wp\/v2\/pages\/19600\/revisions"}],"predecessor-version":[{"id":20730,"href":"https:\/\/ucp.one\/de\/wp-json\/wp\/v2\/pages\/19600\/revisions\/20730"}],"wp:featuredmedia":[{"embeddable":true,"href":"https:\/\/ucp.one\/de\/wp-json\/wp\/v2\/media\/14079"}],"wp:attachment":[{"href":"https:\/\/ucp.one\/de\/wp-json\/wp\/v2\/media?parent=19600"}],"curies":[{"name":"wp","href":"https:\/\/api.w.org\/{rel}","templated":true}]}}